{"id":80,"date":"2025-07-01T10:38:13","date_gmt":"2025-07-01T10:38:13","guid":{"rendered":"https:\/\/graiulviu.ro\/?page_id=80"},"modified":"2025-07-02T06:44:57","modified_gmt":"2025-07-02T06:44:57","slug":"editorialistii-graiului-viu","status":"publish","type":"page","link":"https:\/\/graiulviu.ro\/?page_id=80","title":{"rendered":"Editoriali\u0219tii Graiului Viu"},"content":{"rendered":"\n<h2 class=\"wp-block-heading\">Andreea Macafei  (Vatra)<\/h2>\n\n\n\n<div class=\"wp-block-columns is-layout-flex wp-container-core-columns-is-layout-9d6595d7 wp-block-columns-is-layout-flex\">\n<div class=\"wp-block-column is-layout-flow wp-block-column-is-layout-flow\">\n<p>Scrie ca un ghimpe \u00een coasta celor care cred c\u0103 pot manipula cu pove\u0219ti frumoase dar nerealiste despre \u201eprogres\u201d. Are un ochi atent la ipocriziile sociale \u0219i politice \u0219i nu ezit\u0103 s\u0103 le fac\u0103 de r\u00e2s \u00een public. E totu\u0219i o fire bl\u00e2nd\u0103 \u0219i viseaz\u0103 la o lume cu mai mult bine.<\/p>\n\n\n\n<ul class=\"wp-block-social-links is-layout-flex wp-block-social-links-is-layout-flex\"><\/ul>\n<\/div>\n\n\n\n<div class=\"wp-block-column is-layout-flow wp-block-column-is-layout-flow\">\n<figure class=\"wp-block-image size-full\"><img loading=\"lazy\" decoding=\"async\" width=\"2048\" height=\"2048\" src=\"https:\/\/graiulviu.ro\/wp-content\/uploads\/2025\/07\/Andreea-Macafei_01.jpg\" alt=\"\" class=\"wp-image-84\" srcset=\"https:\/\/graiulviu.ro\/wp-content\/uploads\/2025\/07\/Andreea-Macafei_01.jpg 2048w, https:\/\/graiulviu.ro\/wp-content\/uploads\/2025\/07\/Andreea-Macafei_01-300x300.jpg 300w, https:\/\/graiulviu.ro\/wp-content\/uploads\/2025\/07\/Andreea-Macafei_01-1024x1024.jpg 1024w, https:\/\/graiulviu.ro\/wp-content\/uploads\/2025\/07\/Andreea-Macafei_01-150x150.jpg 150w, https:\/\/graiulviu.ro\/wp-content\/uploads\/2025\/07\/Andreea-Macafei_01-768x768.jpg 768w, https:\/\/graiulviu.ro\/wp-content\/uploads\/2025\/07\/Andreea-Macafei_01-1536x1536.jpg 1536w, https:\/\/graiulviu.ro\/wp-content\/uploads\/2025\/07\/Andreea-Macafei_01-676x676.jpg 676w\" sizes=\"auto, (max-width: 2048px) 100vw, 2048px\" \/><\/figure>\n<\/div>\n<\/div>\n\n\n\n<hr class=\"wp-block-separator has-alpha-channel-opacity\"\/>\n\n\n\n<h2 class=\"wp-block-heading\">Radu Rovinar (Focul)<\/h2>\n\n\n\n<div class=\"wp-block-columns is-layout-flex wp-container-core-columns-is-layout-9d6595d7 wp-block-columns-is-layout-flex\">\n<div class=\"wp-block-column is-layout-flow wp-block-column-is-layout-flow\">\n<p>51 de ani, n\u0103scut \u0219i crescut \u00een Bra\u0219ov. \u0218tie ora\u0219ul \u0103sta ca pe buzunarul lui, de la bodegile din Schei p\u00e2n\u0103 la cafenelele moderne din centru. Nu suport\u0103 s\u0103 fie dus cu vorba \u0219i prefer\u0103 adev\u0103rurile dure, spuse direct, f\u0103r\u0103 menajamente. Are o m\u00e2nie mocnit\u0103 \u00eempotriva sistemului care se preface c\u0103 lucreaz\u0103 pentru oameni, dar de fapt \u00ee\u0219i hr\u0103ne\u0219te re\u021belele \u0219i pilele.<\/p>\n\n\n\n<ul class=\"wp-block-social-links is-layout-flex wp-block-social-links-is-layout-flex\"><\/ul>\n\n\n\n<p> <\/p>\n<\/div>\n\n\n\n<div class=\"wp-block-column is-layout-flow wp-block-column-is-layout-flow\">\n<figure class=\"wp-block-image size-large\"><img loading=\"lazy\" decoding=\"async\" width=\"1008\" height=\"1024\" src=\"https:\/\/graiulviu.ro\/wp-content\/uploads\/2025\/07\/Radu-Rovinar_10-1008x1024.jpg\" alt=\"\" class=\"wp-image-92\" srcset=\"https:\/\/graiulviu.ro\/wp-content\/uploads\/2025\/07\/Radu-Rovinar_10-1008x1024.jpg 1008w, https:\/\/graiulviu.ro\/wp-content\/uploads\/2025\/07\/Radu-Rovinar_10-295x300.jpg 295w, https:\/\/graiulviu.ro\/wp-content\/uploads\/2025\/07\/Radu-Rovinar_10-768x780.jpg 768w, https:\/\/graiulviu.ro\/wp-content\/uploads\/2025\/07\/Radu-Rovinar_10-1512x1536.jpg 1512w, https:\/\/graiulviu.ro\/wp-content\/uploads\/2025\/07\/Radu-Rovinar_10-2017x2048.jpg 2017w, https:\/\/graiulviu.ro\/wp-content\/uploads\/2025\/07\/Radu-Rovinar_10-676x687.jpg 676w\" sizes=\"auto, (max-width: 1008px) 100vw, 1008px\" \/><\/figure>\n<\/div>\n<\/div>\n\n\n\n<hr class=\"wp-block-separator has-alpha-channel-opacity\"\/>\n\n\n\n<h2 class=\"wp-block-heading\">Maria Moldovan (Codrul)<\/h2>\n\n\n\n<div class=\"wp-block-columns is-layout-flex wp-container-core-columns-is-layout-9d6595d7 wp-block-columns-is-layout-flex\">\n<div class=\"wp-block-column is-layout-flow wp-block-column-is-layout-flow\">\n<p>A v\u0103zut lumea schimb\u00e2ndu-se sub ochii ei: genera\u021bii care au plecat de acas\u0103 \u00een c\u0103utarea unui trai mai bun \u0219i sate care s-au golit \u00eencet, r\u0103m\u00e2n\u00e2nd doar cu biserica \u0219i cimitirul plin. Poveste\u0219te simplu, dar profund, despre nedrept\u0103\u021bile care \u00eei lovesc pe oamenii simpli, despre greut\u0103\u021bi purtate \u00een t\u0103cere \u0219i despre valorile care, odat\u0103 pierdute, nu se mai \u00eentorc.<\/p>\n\n\n\n<ul class=\"wp-block-social-links is-layout-flex wp-block-social-links-is-layout-flex\"><\/ul>\n<\/div>\n\n\n\n<div class=\"wp-block-column is-layout-flow wp-block-column-is-layout-flow\">\n<figure class=\"wp-block-image size-large\"><img loading=\"lazy\" decoding=\"async\" width=\"1008\" height=\"1024\" src=\"https:\/\/graiulviu.ro\/wp-content\/uploads\/2025\/07\/01-1008x1024.jpg\" alt=\"\" class=\"wp-image-95\" srcset=\"https:\/\/graiulviu.ro\/wp-content\/uploads\/2025\/07\/01-1008x1024.jpg 1008w, https:\/\/graiulviu.ro\/wp-content\/uploads\/2025\/07\/01-295x300.jpg 295w, https:\/\/graiulviu.ro\/wp-content\/uploads\/2025\/07\/01-768x780.jpg 768w, https:\/\/graiulviu.ro\/wp-content\/uploads\/2025\/07\/01-1512x1536.jpg 1512w, https:\/\/graiulviu.ro\/wp-content\/uploads\/2025\/07\/01-2017x2048.jpg 2017w, https:\/\/graiulviu.ro\/wp-content\/uploads\/2025\/07\/01-676x687.jpg 676w\" sizes=\"auto, (max-width: 1008px) 100vw, 1008px\" \/><\/figure>\n<\/div>\n<\/div>\n","protected":false},"excerpt":{"rendered":"<p>Andreea Macafei (Vatra) Scrie ca un ghimpe \u00een coasta celor care cred c\u0103 pot manipula cu pove\u0219ti frumoase dar nerealiste despre \u201eprogres\u201d. Are un ochi atent la ipocriziile sociale \u0219i politice \u0219i nu ezit\u0103 s\u0103 le fac\u0103 de r\u00e2s \u00een public. E totu\u0219i o fire bl\u00e2nd\u0103 \u0219i viseaz\u0103 la o lume cu mai mult bine. [&hellip;]<\/p>\n","protected":false},"author":1,"featured_media":0,"parent":0,"menu_order":0,"comment_status":"closed","ping_status":"closed","template":"","meta":{"footnotes":""},"class_list":["post-80","page","type-page","status-publish","hentry","post-preview"],"yoast_head":"<!-- This site is optimized with the Yoast SEO plugin v25.3.1 - https:\/\/yoast.com\/wordpress\/plugins\/seo\/ -->\n<title>Editoriali\u0219tii Graiului Viu - Graiul Viu<\/title>\n<meta name=\"robots\" content=\"index, follow, max-snippet:-1, max-image-preview:large, max-video-preview:-1\" \/>\n<link rel=\"canonical\" href=\"https:\/\/graiulviu.ro\/?page_id=80\" \/>\n<meta property=\"og:locale\" content=\"ro_RO\" \/>\n<meta property=\"og:type\" content=\"article\" \/>\n<meta property=\"og:title\" content=\"Editoriali\u0219tii Graiului Viu - Graiul Viu\" \/>\n<meta property=\"og:description\" content=\"Andreea Macafei (Vatra) Scrie ca un ghimpe \u00een coasta celor care cred c\u0103 pot manipula cu pove\u0219ti frumoase dar nerealiste despre \u201eprogres\u201d. Are un ochi atent la ipocriziile sociale \u0219i politice \u0219i nu ezit\u0103 s\u0103 le fac\u0103 de r\u00e2s \u00een public. E totu\u0219i o fire bl\u00e2nd\u0103 \u0219i viseaz\u0103 la o lume cu mai mult bine. [&hellip;]\" \/>\n<meta property=\"og:url\" content=\"https:\/\/graiulviu.ro\/?page_id=80\" \/>\n<meta property=\"og:site_name\" content=\"Graiul Viu\" \/>\n<meta property=\"article:publisher\" content=\"https:\/\/www.facebook.com\/profile.php?id=100069328187717\" \/>\n<meta property=\"article:modified_time\" content=\"2025-07-02T06:44:57+00:00\" \/>\n<meta property=\"og:image\" content=\"https:\/\/graiulviu.ro\/wp-content\/uploads\/2025\/07\/Andreea-Macafei_01.jpg\" \/>\n\t<meta property=\"og:image:width\" content=\"2048\" \/>\n\t<meta property=\"og:image:height\" content=\"2048\" \/>\n\t<meta property=\"og:image:type\" content=\"image\/jpeg\" \/>\n<meta name=\"twitter:card\" content=\"summary_large_image\" \/>\n<meta name=\"twitter:label1\" content=\"Timp estimat pentru citire\" \/>\n\t<meta name=\"twitter:data1\" content=\"2 minute\" \/>\n<script type=\"application\/ld+json\" class=\"yoast-schema-graph\">{\"@context\":\"https:\/\/schema.org\",\"@graph\":[{\"@type\":\"WebPage\",\"@id\":\"https:\/\/graiulviu.ro\/?page_id=80\",\"url\":\"https:\/\/graiulviu.ro\/?page_id=80\",\"name\":\"Editoriali\u0219tii Graiului Viu - Graiul Viu\",\"isPartOf\":{\"@id\":\"https:\/\/graiulviu.ro\/#website\"},\"primaryImageOfPage\":{\"@id\":\"https:\/\/graiulviu.ro\/?page_id=80#primaryimage\"},\"image\":{\"@id\":\"https:\/\/graiulviu.ro\/?page_id=80#primaryimage\"},\"thumbnailUrl\":\"https:\/\/graiulviu.ro\/wp-content\/uploads\/2025\/07\/Andreea-Macafei_01.jpg\",\"datePublished\":\"2025-07-01T10:38:13+00:00\",\"dateModified\":\"2025-07-02T06:44:57+00:00\",\"breadcrumb\":{\"@id\":\"https:\/\/graiulviu.ro\/?page_id=80#breadcrumb\"},\"inLanguage\":\"ro-RO\",\"potentialAction\":[{\"@type\":\"ReadAction\",\"target\":[\"https:\/\/graiulviu.ro\/?page_id=80\"]}]},{\"@type\":\"ImageObject\",\"inLanguage\":\"ro-RO\",\"@id\":\"https:\/\/graiulviu.ro\/?page_id=80#primaryimage\",\"url\":\"https:\/\/graiulviu.ro\/wp-content\/uploads\/2025\/07\/Andreea-Macafei_01.jpg\",\"contentUrl\":\"https:\/\/graiulviu.ro\/wp-content\/uploads\/2025\/07\/Andreea-Macafei_01.jpg\",\"width\":2048,\"height\":2048},{\"@type\":\"BreadcrumbList\",\"@id\":\"https:\/\/graiulviu.ro\/?page_id=80#breadcrumb\",\"itemListElement\":[{\"@type\":\"ListItem\",\"position\":1,\"name\":\"Home\",\"item\":\"https:\/\/graiulviu.ro\/\"},{\"@type\":\"ListItem\",\"position\":2,\"name\":\"Editoriali\u0219tii Graiului Viu\"}]},{\"@type\":\"WebSite\",\"@id\":\"https:\/\/graiulviu.ro\/#website\",\"url\":\"https:\/\/graiulviu.ro\/\",\"name\":\"Graiul Viu\",\"description\":\"G\u00e2nd liber. Vorb\u0103 dreapt\u0103\",\"publisher\":{\"@id\":\"https:\/\/graiulviu.ro\/#organization\"},\"potentialAction\":[{\"@type\":\"SearchAction\",\"target\":{\"@type\":\"EntryPoint\",\"urlTemplate\":\"https:\/\/graiulviu.ro\/?s={search_term_string}\"},\"query-input\":{\"@type\":\"PropertyValueSpecification\",\"valueRequired\":true,\"valueName\":\"search_term_string\"}}],\"inLanguage\":\"ro-RO\"},{\"@type\":\"Organization\",\"@id\":\"https:\/\/graiulviu.ro\/#organization\",\"name\":\"Graiul Viu\",\"url\":\"https:\/\/graiulviu.ro\/\",\"logo\":{\"@type\":\"ImageObject\",\"inLanguage\":\"ro-RO\",\"@id\":\"https:\/\/graiulviu.ro\/#\/schema\/logo\/image\/\",\"url\":\"https:\/\/graiulviu.ro\/wp-content\/uploads\/2025\/06\/Graiul_Viu_logo.png\",\"contentUrl\":\"https:\/\/graiulviu.ro\/wp-content\/uploads\/2025\/06\/Graiul_Viu_logo.png\",\"width\":1024,\"height\":1024,\"caption\":\"Graiul Viu\"},\"image\":{\"@id\":\"https:\/\/graiulviu.ro\/#\/schema\/logo\/image\/\"},\"sameAs\":[\"https:\/\/www.facebook.com\/profile.php?id=100069328187717\"]}]}<\/script>\n<!-- \/ Yoast SEO plugin. -->","yoast_head_json":{"title":"Editoriali\u0219tii Graiului Viu - Graiul Viu","robots":{"index":"index","follow":"follow","max-snippet":"max-snippet:-1","max-image-preview":"max-image-preview:large","max-video-preview":"max-video-preview:-1"},"canonical":"https:\/\/graiulviu.ro\/?page_id=80","og_locale":"ro_RO","og_type":"article","og_title":"Editoriali\u0219tii Graiului Viu - Graiul Viu","og_description":"Andreea Macafei (Vatra) Scrie ca un ghimpe \u00een coasta celor care cred c\u0103 pot manipula cu pove\u0219ti frumoase dar nerealiste despre \u201eprogres\u201d. Are un ochi atent la ipocriziile sociale \u0219i politice \u0219i nu ezit\u0103 s\u0103 le fac\u0103 de r\u00e2s \u00een public. E totu\u0219i o fire bl\u00e2nd\u0103 \u0219i viseaz\u0103 la o lume cu mai mult bine. [&hellip;]","og_url":"https:\/\/graiulviu.ro\/?page_id=80","og_site_name":"Graiul Viu","article_publisher":"https:\/\/www.facebook.com\/profile.php?id=100069328187717","article_modified_time":"2025-07-02T06:44:57+00:00","og_image":[{"width":2048,"height":2048,"url":"https:\/\/graiulviu.ro\/wp-content\/uploads\/2025\/07\/Andreea-Macafei_01.jpg","type":"image\/jpeg"}],"twitter_card":"summary_large_image","twitter_misc":{"Timp estimat pentru citire":"2 minute"},"schema":{"@context":"https:\/\/schema.org","@graph":[{"@type":"WebPage","@id":"https:\/\/graiulviu.ro\/?page_id=80","url":"https:\/\/graiulviu.ro\/?page_id=80","name":"Editoriali\u0219tii Graiului Viu - Graiul Viu","isPartOf":{"@id":"https:\/\/graiulviu.ro\/#website"},"primaryImageOfPage":{"@id":"https:\/\/graiulviu.ro\/?page_id=80#primaryimage"},"image":{"@id":"https:\/\/graiulviu.ro\/?page_id=80#primaryimage"},"thumbnailUrl":"https:\/\/graiulviu.ro\/wp-content\/uploads\/2025\/07\/Andreea-Macafei_01.jpg","datePublished":"2025-07-01T10:38:13+00:00","dateModified":"2025-07-02T06:44:57+00:00","breadcrumb":{"@id":"https:\/\/graiulviu.ro\/?page_id=80#breadcrumb"},"inLanguage":"ro-RO","potentialAction":[{"@type":"ReadAction","target":["https:\/\/graiulviu.ro\/?page_id=80"]}]},{"@type":"ImageObject","inLanguage":"ro-RO","@id":"https:\/\/graiulviu.ro\/?page_id=80#primaryimage","url":"https:\/\/graiulviu.ro\/wp-content\/uploads\/2025\/07\/Andreea-Macafei_01.jpg","contentUrl":"https:\/\/graiulviu.ro\/wp-content\/uploads\/2025\/07\/Andreea-Macafei_01.jpg","width":2048,"height":2048},{"@type":"BreadcrumbList","@id":"https:\/\/graiulviu.ro\/?page_id=80#breadcrumb","itemListElement":[{"@type":"ListItem","position":1,"name":"Home","item":"https:\/\/graiulviu.ro\/"},{"@type":"ListItem","position":2,"name":"Editoriali\u0219tii Graiului Viu"}]},{"@type":"WebSite","@id":"https:\/\/graiulviu.ro\/#website","url":"https:\/\/graiulviu.ro\/","name":"Graiul Viu","description":"G\u00e2nd liber. Vorb\u0103 dreapt\u0103","publisher":{"@id":"https:\/\/graiulviu.ro\/#organization"},"potentialAction":[{"@type":"SearchAction","target":{"@type":"EntryPoint","urlTemplate":"https:\/\/graiulviu.ro\/?s={search_term_string}"},"query-input":{"@type":"PropertyValueSpecification","valueRequired":true,"valueName":"search_term_string"}}],"inLanguage":"ro-RO"},{"@type":"Organization","@id":"https:\/\/graiulviu.ro\/#organization","name":"Graiul Viu","url":"https:\/\/graiulviu.ro\/","logo":{"@type":"ImageObject","inLanguage":"ro-RO","@id":"https:\/\/graiulviu.ro\/#\/schema\/logo\/image\/","url":"https:\/\/graiulviu.ro\/wp-content\/uploads\/2025\/06\/Graiul_Viu_logo.png","contentUrl":"https:\/\/graiulviu.ro\/wp-content\/uploads\/2025\/06\/Graiul_Viu_logo.png","width":1024,"height":1024,"caption":"Graiul Viu"},"image":{"@id":"https:\/\/graiulviu.ro\/#\/schema\/logo\/image\/"},"sameAs":["https:\/\/www.facebook.com\/profile.php?id=100069328187717"]}]}},"_links":{"self":[{"href":"https:\/\/graiulviu.ro\/index.php?rest_route=\/wp\/v2\/pages\/80","targetHints":{"allow":["GET"]}}],"collection":[{"href":"https:\/\/graiulviu.ro\/index.php?rest_route=\/wp\/v2\/pages"}],"about":[{"href":"https:\/\/graiulviu.ro\/index.php?rest_route=\/wp\/v2\/types\/page"}],"author":[{"embeddable":true,"href":"https:\/\/graiulviu.ro\/index.php?rest_route=\/wp\/v2\/users\/1"}],"replies":[{"embeddable":true,"href":"https:\/\/graiulviu.ro\/index.php?rest_route=%2Fwp%2Fv2%2Fcomments&post=80"}],"version-history":[{"count":6,"href":"https:\/\/graiulviu.ro\/index.php?rest_route=\/wp\/v2\/pages\/80\/revisions"}],"predecessor-version":[{"id":96,"href":"https:\/\/graiulviu.ro\/index.php?rest_route=\/wp\/v2\/pages\/80\/revisions\/96"}],"wp:attachment":[{"href":"https:\/\/graiulviu.ro\/index.php?rest_route=%2Fwp%2Fv2%2Fmedia&parent=80"}],"curies":[{"name":"wp","href":"https:\/\/api.w.org\/{rel}","templated":true}]}}